{"id":50,"date":"2016-06-11T12:08:58","date_gmt":"2016-06-11T10:08:58","guid":{"rendered":"https:\/\/hvsed.de\/neu\/?page_id=50"},"modified":"2016-06-12T13:47:22","modified_gmt":"2016-06-12T11:47:22","slug":"home","status":"publish","type":"page","link":"https:\/\/hvsed.de\/","title":{"rendered":"Home"},"content":{"rendered":"<h4>Herzlich willkommen im<\/h4>\n<h2><strong>Heimatverein Schl\u00e4gel und Eisen Deister e.V.!<\/strong><\/h2>\n<h5>Freizeit und Kultur werden bei uns gro\u00df geschrieben.<\/h5>\n<p>Wir sind ein Heimatverein der anderen Art, denn bei uns geht es darum die Heimat zu erkunden. Neues und Altes zusammen zubringen. Erkennen und ein St\u00fcck Heimat sein und an der Heimat teilhaben. Der HV befasst sich mit Heimatkunde und der Traditions- und Brauchtumspflege des B\u00f6llerschie\u00dfens. Er will dabei \u00dcberliefertes und Neues sinnvoll vereinen, Vergessenes aufleben lassen, pflegen und weiterentwickeln. Kenntnis \u00fcber die Heimat, Verbundenheit mit ihr und Verantwortung f\u00fcr sie sollen bei den Mitgliedern geweckt und gef\u00f6rdert werden. Dieses Ziel soll durch die Arbeit des Vereins und in Zusammenarbeit mit anderen Vereinen und Einrichtungen bundesweit erreicht werden.<\/p>\n<p>Die Basis der Vereinsarbeit und des Vereinslebens beruht auf Kameradschaft und Ehrlichkeit. Der Arbeitsbereich des Vereins umfasst das Gebiet des Calenberger Landes in der Region Hannover, der Sitz ist Barsinghausen am Deister.<\/p>\n<p>Die Mitglieder k\u00f6nnen an Hauptversammlungen und Veranstaltungen des Vereins teilnehmen, dort ihr Stimmrecht aus\u00fcben und sich unabh\u00e4ngig davon in Vereinsangelegenheiten an den Vorstand wenden. Jedes Mitglied unterst\u00fctzt nach Kr\u00e4ften Ziele und Zwecke des Heimatvereins. Bei uns wird Kameradschaft ernst genommen. Gern gesehen sind auch G\u00e4ste, die mal reinschnuppern wollen und f\u00fcr Interessierte bieten wir eine Probemitgliedschaft an. Die knapp 40 Mitglieder des am 28.12.2012 gegr\u00fcndeten Vereins haben einen ausgepr\u00e4gten Sinn f\u00fcr Familie,welches sich im Verein wieder finden l\u00e4sst. Hier h\u00e4lt man noch zusammen und jeder ist f\u00fcr den anderen da.<\/p>\n<p>Wir verstehen das Dasein aller Vereine als die Basis allen sozialen Zusammenlebens in unserer Gemeinschaft au\u00dferhalb der Familie und bieten Anerkennung und Wertsch\u00e4tzung.<\/p>\n<p><a href=\"https:\/\/hvsed.de\/neu\/wp-content\/uploads\/2016\/06\/33119866.jpg\"><img loading=\"lazy\" decoding=\"async\" class=\"wp-image-198 size-full aligncenter\" src=\"https:\/\/hvsed.de\/neu\/wp-content\/uploads\/2016\/06\/33119866.jpg\" alt=\"33119866\" width=\"600\" height=\"410\" srcset=\"https:\/\/hvsed.de\/wp-content\/uploads\/2016\/06\/33119866.jpg 600w, https:\/\/hvsed.de\/wp-content\/uploads\/2016\/06\/33119866-300x205.jpg 300w\" sizes=\"(max-width: 600px) 100vw, 600px\" \/><\/a><\/p>\n","protected":false},"excerpt":{"rendered":"<p>Herzlich willkommen im Heimatverein Schl\u00e4gel und Eisen Deister e.V.! Freizeit und Kultur werden bei uns gro\u00df geschrieben. Wir sind ein Heimatverein der anderen Art, denn bei uns geht es darum die Heimat zu erkunden. Neues und Altes zusammen zubringen. Erkennen und ein St\u00fcck Heimat sein und an der Heimat teilhaben. Der HV befasst sich mit Heimatkunde und der Traditions- und Brauchtumspflege des B\u00f6llerschie\u00dfens. Er will dabei \u00dcberliefertes und Neues sinnvoll vereinen, Vergessenes aufleben lassen, pflegen und weiterentwickeln. Kenntnis \u00fcber die Heimat, Verbundenheit mit ihr und Verantwortung f\u00fcr sie sollen bei den Mitgliedern geweckt und gef\u00f6rdert werden. Dieses Ziel soll durch die Arbeit des Vereins und in Zusammenarbeit mit anderen Vereinen und Einrichtungen bundesweit erreicht werden. Die Basis der Vereinsarbeit und des Vereinslebens beruht auf Kameradschaft und Ehrlichkeit. Der Arbeitsbereich des Vereins umfasst das Gebiet des Calenberger Landes in der Region Hannover, der Sitz ist Barsinghausen am Deister. Die Mitglieder k\u00f6nnen an Hauptversammlungen und Veranstaltungen des Vereins teilnehmen, dort ihr Stimmrecht aus\u00fcben und sich unabh\u00e4ngig davon in Vereinsangelegenheiten an den Vorstand wenden. Jedes Mitglied unterst\u00fctzt nach Kr\u00e4ften Ziele und Zwecke des Heimatvereins. Bei uns wird Kameradschaft ernst genommen. Gern gesehen sind auch G\u00e4ste, die mal reinschnuppern wollen und f\u00fcr Interessierte bieten wir eine Probemitgliedschaft an. Die knapp 40 Mitglieder des am 28.12.2012 gegr\u00fcndeten Vereins haben einen ausgepr\u00e4gten Sinn f\u00fcr Familie,welches sich im Verein wieder finden l\u00e4sst. Hier h\u00e4lt man noch zusammen und jeder ist f\u00fcr den anderen da. Wir verstehen das Dasein aller Vereine als die Basis allen sozialen Zusammenlebens in unserer Gemeinschaft au\u00dferhalb der Familie und bieten Anerkennung und Wertsch\u00e4tzung.<\/p>\n","protected":false},"author":1,"featured_media":0,"parent":0,"menu_order":0,"comment_status":"closed","ping_status":"closed","template":"","meta":{"footnotes":""},"_links":{"self":[{"href":"https:\/\/hvsed.de\/index.php\/wp-json\/wp\/v2\/pages\/50"}],"collection":[{"href":"https:\/\/hvsed.de\/index.php\/wp-json\/wp\/v2\/pages"}],"about":[{"href":"https:\/\/hvsed.de\/index.php\/wp-json\/wp\/v2\/types\/page"}],"author":[{"embeddable":true,"href":"https:\/\/hvsed.de\/index.php\/wp-json\/wp\/v2\/users\/1"}],"replies":[{"embeddable":true,"href":"https:\/\/hvsed.de\/index.php\/wp-json\/wp\/v2\/comments?post=50"}],"version-history":[{"count":5,"href":"https:\/\/hvsed.de\/index.php\/wp-json\/wp\/v2\/pages\/50\/revisions"}],"predecessor-version":[{"id":266,"href":"https:\/\/hvsed.de\/index.php\/wp-json\/wp\/v2\/pages\/50\/revisions\/266"}],"wp:attachment":[{"href":"https:\/\/hvsed.de\/index.php\/wp-json\/wp\/v2\/media?parent=50"}],"curies":[{"name":"wp","href":"https:\/\/api.w.org\/{rel}","templated":true}]}}