{"id":5,"date":"2016-06-10T16:26:49","date_gmt":"2016-06-10T14:26:49","guid":{"rendered":"https:\/\/hvsed.de\/neu\/?page_id=5"},"modified":"2020-01-26T22:53:07","modified_gmt":"2020-01-26T20:53:07","slug":"das-sind-wir","status":"publish","type":"page","link":"https:\/\/hvsed.de\/index.php\/das-sind-wir\/","title":{"rendered":"Das sind wir"},"content":{"rendered":"<figure id=\"attachment_200\" aria-describedby=\"caption-attachment-200\" style=\"width: 600px\" class=\"wp-caption aligncenter\"><a href=\"https:\/\/hvsed.de\/neu\/wp-content\/uploads\/2016\/06\/34021102.jpg\"><img loading=\"lazy\" decoding=\"async\" class=\"wp-image-200 size-full\" src=\"https:\/\/hvsed.de\/neu\/wp-content\/uploads\/2016\/06\/34021102.jpg\" alt=\"Unser Logo\" width=\"600\" height=\"363\" srcset=\"https:\/\/hvsed.de\/wp-content\/uploads\/2016\/06\/34021102.jpg 600w, https:\/\/hvsed.de\/wp-content\/uploads\/2016\/06\/34021102-300x182.jpg 300w\" sizes=\"(max-width: 600px) 100vw, 600px\" \/><\/a><figcaption id=\"caption-attachment-200\" class=\"wp-caption-text\"><strong>Unser Logo:<\/strong> Schwarzes Band unten steht f\u00fcr die vorhandene Wealdensteinkohle. Das gr\u00fcne Band oben stellt symbolisch den Deister mit seinem Wald dar. Mittendrin ein Schaftb\u00f6ller und das Bergbausymbol Schl\u00e4gel und Eisen. Die ge\u00f6ffneten Seiten zeigen die Offenheit der Gruppe in alle Richtungen &#8211; Willkommen!<\/figcaption><\/figure>\n<figure id=\"attachment_201\" aria-describedby=\"caption-attachment-201\" style=\"width: 600px\" class=\"wp-caption aligncenter\"><a href=\"https:\/\/hvsed.de\/neu\/wp-content\/uploads\/2016\/06\/34021103.jpg\"><img loading=\"lazy\" decoding=\"async\" class=\"wp-image-201 size-full\" src=\"https:\/\/hvsed.de\/neu\/wp-content\/uploads\/2016\/06\/34021103.jpg\" alt=\"34021103\" width=\"600\" height=\"401\" srcset=\"https:\/\/hvsed.de\/wp-content\/uploads\/2016\/06\/34021103.jpg 600w, https:\/\/hvsed.de\/wp-content\/uploads\/2016\/06\/34021103-300x201.jpg 300w\" sizes=\"(max-width: 600px) 100vw, 600px\" \/><\/a><figcaption id=\"caption-attachment-201\" class=\"wp-caption-text\">&#8230;da wir f\u00fcr unsere Mitglieder da sind, im gegenseitigen Respekt, Toleranz und Wertsch\u00e4tzung \u00fcben, ist das was wir gar nicht m\u00f6gen die fehlende Verl\u00e4sslichkeit und eine Unehrlichkeit.<\/figcaption><\/figure>\n<h2><b>Das sind wir:<\/b><\/h2>\n<p>Teamwork wird bei uns gro\u00dfgeschrieben!<\/p>\n<p>Durch unsere unterschiedlichen Interessen und Erfahrungen erg\u00e4nzen wir uns ideal. Dabei setzen alle auf ihre individuellen Schwerpunkte ohne die Zusammenarbeit im Team aus den Augen zu verlieren. Gegenseitige Unterst\u00fctzung ist f\u00fcr uns selbstverst\u00e4ndlich, sodass unsere Leistung von der geballten Team-Power profitiert. So k\u00f6nnen wir die unterschiedlichsten Aufgaben stets zuverl\u00e4ssig und kompetent bearbeiten.<\/p>\n<p>Wir, das sind knapp 30 aktive Menschen beiderlei Geschlechts im Alter von 2 &#8211; 92 Jahren. Wir erfreuen uns gemeinsam an den ca. 26 Veranstaltungen im Vereinsjahr zwar hat nicht jeder an jeder Veranstaltung Interesse, aber wir haben es immerhin im ersten Jahr auf fast 300 Teilnehmer gebracht. Wir denken auch an die J\u00fcngsten und die Alten, die alle gleich ihren Platz in unseren Herzen haben. Wir setzen uns auch f\u00fcr den Aufbau und Erhalt einer B\u00f6llersch\u00fctzengruppe ein und f\u00f6rdern die Ausbildung&nbsp;bis&nbsp;zur Pr\u00fcfung.&nbsp;Neben zahlreichen Reisen und Ausfl\u00fcgen im Jahr feiern wir gerne und wissen auch ein gemeinsames Essen wohl zu sch\u00e4tzen. Was uns noch fehlt sind Leute, wie Ihr ! &#8211; &nbsp;Mit Lust auf mehr.<\/p>\n<h3><b>Mitglied werden<\/b><\/h3>\n<p>Unser Verein \/ Unsere Organisation lebt von den Mitgliedern. Wir sind angewiesen auf aktive Mitglieder, die sich f\u00fcr unsere Ziele engagieren. Wenn Sie Ihre Erfahrung, gerne in unsere dynamische Gruppe einbringen m\u00f6chten, freuen wir uns \u00fcber Ihre Mitgliedschaft.<\/p>\n<p>Aktives Mitglied kann jede nat\u00fcrliche Person werden. Selbstverst\u00e4ndlich sind wir auch dankbar f\u00fcr finanzielle Unterst\u00fctzung. Wenn Sie uns auf diesem Weg helfen wollen, unsere Ziele zu erreichen, k\u00f6nnen Sie F\u00f6rdermitglied werden.<\/p>\n<p>&#8230; und das ist unser Maskottchen &#8211; Gestatten Shooter !<\/p>\n<p><a href=\"https:\/\/hvsed.de\/neu\/wp-content\/uploads\/2016\/06\/33121826.jpg\"><img loading=\"lazy\" decoding=\"async\" class=\"aligncenter size-full wp-image-199\" src=\"https:\/\/hvsed.de\/neu\/wp-content\/uploads\/2016\/06\/33121826.jpg\" alt=\"33121826\" width=\"381\" height=\"450\" srcset=\"https:\/\/hvsed.de\/wp-content\/uploads\/2016\/06\/33121826.jpg 381w, https:\/\/hvsed.de\/wp-content\/uploads\/2016\/06\/33121826-254x300.jpg 254w\" sizes=\"(max-width: 381px) 100vw, 381px\" \/><\/a><\/p>\n<h3><b>&nbsp;Das Pr\u00e4sidium<\/b><\/h3>\n<figure id=\"attachment_688\" aria-describedby=\"caption-attachment-688\" style=\"width: 300px\" class=\"wp-caption alignleft\"><a href=\"https:\/\/hvsed.de\/wp-content\/uploads\/2017\/01\/3985084_30_1485124972.jpg\"><img loading=\"lazy\" decoding=\"async\" class=\"wp-image-688 size-medium\" src=\"https:\/\/hvsed.de\/wp-content\/uploads\/2017\/01\/3985084_30_1485124972-300x296.jpg\" width=\"300\" height=\"296\" srcset=\"https:\/\/hvsed.de\/wp-content\/uploads\/2017\/01\/3985084_30_1485124972-300x296.jpg 300w, https:\/\/hvsed.de\/wp-content\/uploads\/2017\/01\/3985084_30_1485124972-624x616.jpg 624w, https:\/\/hvsed.de\/wp-content\/uploads\/2017\/01\/3985084_30_1485124972.jpg 737w\" sizes=\"(max-width: 300px) 100vw, 300px\" \/><\/a><figcaption id=\"caption-attachment-688\" class=\"wp-caption-text\">Wir haben unsere Ziele immer klar vor Augen! Und damit wir auch f\u00fcr Au\u00dfenstehende transparent sind, haben wir hier das Pr\u00e4sidium vorgestellt.<\/figcaption><\/figure>\n<h6><strong>Pr\u00e4sident:&nbsp;<\/strong>Willi D\u00f6hl, &nbsp; &nbsp;2. v.li.<\/h6>\n<h6><strong>Stellvertreter: <\/strong>Wolfgang &nbsp;Schink: 1. v.li.;&nbsp;Carola Schink: 3. v. li;&nbsp;Birgit Strau\u00df:&nbsp;unten im Bild;&nbsp;Fabian Meyer: 1. v.re.<\/h6>\n<h6><strong>Protokollf\u00fchrer:&nbsp;<\/strong>Sarah Mesenbrink 3. v.re.<\/h6>\n<h6><strong>Schatzmeister:&nbsp;<\/strong>Nicole Puhlmann 2. v.re.<\/h6>\n<h6><strong>Kassenpr\u00fcfer:<br \/>\n<\/strong><\/h6>\n<figure id=\"attachment_685\" aria-describedby=\"caption-attachment-685\" style=\"width: 184px\" class=\"wp-caption alignleft\"><a href=\"https:\/\/hvsed.de\/wp-content\/uploads\/2017\/01\/3985429_50_1485124998.jpg\"><img loading=\"lazy\" decoding=\"async\" class=\"size-medium wp-image-685\" src=\"https:\/\/hvsed.de\/wp-content\/uploads\/2017\/01\/3985429_50_1485124998-184x300.jpg\" alt=\"\" width=\"184\" height=\"300\" srcset=\"https:\/\/hvsed.de\/wp-content\/uploads\/2017\/01\/3985429_50_1485124998-184x300.jpg 184w, https:\/\/hvsed.de\/wp-content\/uploads\/2017\/01\/3985429_50_1485124998-628x1024.jpg 628w, https:\/\/hvsed.de\/wp-content\/uploads\/2017\/01\/3985429_50_1485124998-624x1018.jpg 624w, https:\/\/hvsed.de\/wp-content\/uploads\/2017\/01\/3985429_50_1485124998.jpg 738w\" sizes=\"(max-width: 184px) 100vw, 184px\" \/><\/a><figcaption id=\"caption-attachment-685\" class=\"wp-caption-text\">Almut Bormann und Anja Bax<\/figcaption><\/figure>\n<h6><strong>&nbsp;<\/strong><\/h6>\n<h3>Die B\u00f6llersch\u00fctzen-Norddeutschlands einzige Schaftb\u00f6llergruppe<\/h3>\n<figure style=\"width: 600px\" class=\"wp-caption aligncenter\"><a href=\"https:\/\/hvsed.de\/neu\/wp-content\/uploads\/2016\/06\/34021297.jpg\"><img loading=\"lazy\" decoding=\"async\" class=\"wp-image-203 size-full\" src=\"https:\/\/hvsed.de\/neu\/wp-content\/uploads\/2016\/06\/34021297.jpg\" alt=\"34021297\" width=\"600\" height=\"285\" srcset=\"https:\/\/hvsed.de\/wp-content\/uploads\/2016\/06\/34021297.jpg 600w, https:\/\/hvsed.de\/wp-content\/uploads\/2016\/06\/34021297-300x143.jpg 300w\" sizes=\"(max-width: 600px) 100vw, 600px\" \/><\/a><figcaption class=\"wp-caption-text\">Die ganze Truppe zusammen &#8211; die Familie ist vorerst komplett !<\/figcaption><\/figure>\n<p>&nbsp;<\/p>\n<figure style=\"width: 269px\" class=\"wp-caption aligncenter\"><a href=\"https:\/\/hvsed.de\/neu\/wp-content\/uploads\/2016\/06\/34021301.jpg\"><img loading=\"lazy\" decoding=\"async\" class=\"wp-image-206 size-full\" src=\"https:\/\/hvsed.de\/neu\/wp-content\/uploads\/2016\/06\/34021301.jpg\" alt=\"34021301\" width=\"269\" height=\"450\" srcset=\"https:\/\/hvsed.de\/wp-content\/uploads\/2016\/06\/34021301.jpg 269w, https:\/\/hvsed.de\/wp-content\/uploads\/2016\/06\/34021301-179x300.jpg 179w\" sizes=\"(max-width: 269px) 100vw, 269px\" \/><\/a><figcaption class=\"wp-caption-text\">Kommandant Frank Meyer<\/figcaption><\/figure>\n<p>&nbsp;<\/p>\n<figure id=\"attachment_205\" aria-describedby=\"caption-attachment-205\" style=\"width: 600px\" class=\"wp-caption aligncenter\"><a href=\"https:\/\/hvsed.de\/neu\/wp-content\/uploads\/2016\/06\/34021300.jpg\"><img loading=\"lazy\" decoding=\"async\" class=\"wp-image-205 size-full\" src=\"https:\/\/hvsed.de\/neu\/wp-content\/uploads\/2016\/06\/34021300.jpg\" alt=\"34021300\" width=\"600\" height=\"400\" srcset=\"https:\/\/hvsed.de\/wp-content\/uploads\/2016\/06\/34021300.jpg 600w, https:\/\/hvsed.de\/wp-content\/uploads\/2016\/06\/34021300-300x200.jpg 300w\" sizes=\"(max-width: 600px) 100vw, 600px\" \/><\/a><figcaption id=\"caption-attachment-205\" class=\"wp-caption-text\">Unser erstes \u00dcbungsschie\u00dfen in der Feldmark<\/figcaption><\/figure>\n","protected":false},"excerpt":{"rendered":"<p>Das sind wir: Teamwork wird bei uns gro\u00dfgeschrieben! Durch unsere unterschiedlichen Interessen und Erfahrungen erg\u00e4nzen wir uns ideal. Dabei setzen alle auf ihre individuellen Schwerpunkte ohne die Zusammenarbeit im Team aus den Augen zu verlieren. Gegenseitige Unterst\u00fctzung ist f\u00fcr uns selbstverst\u00e4ndlich, sodass unsere Leistung von der geballten Team-Power profitiert. So k\u00f6nnen wir die unterschiedlichsten Aufgaben stets zuverl\u00e4ssig und kompetent bearbeiten. Wir, das sind knapp 30 aktive Menschen beiderlei Geschlechts im Alter von 2 &#8211; 92 Jahren. Wir erfreuen uns gemeinsam an den ca. 26 Veranstaltungen im Vereinsjahr zwar hat nicht jeder an jeder Veranstaltung Interesse, aber wir haben es immerhin im ersten Jahr auf fast 300 Teilnehmer gebracht. Wir denken auch an die J\u00fcngsten und die Alten, die alle gleich ihren Platz in unseren Herzen haben. Wir setzen uns auch f\u00fcr den Aufbau und Erhalt einer B\u00f6llersch\u00fctzengruppe ein und f\u00f6rdern die Ausbildung&nbsp;bis&nbsp;zur Pr\u00fcfung.&nbsp;Neben zahlreichen Reisen und Ausfl\u00fcgen im Jahr feiern wir gerne und wissen auch ein gemeinsames Essen wohl zu sch\u00e4tzen. Was uns noch fehlt sind Leute, wie Ihr ! &#8211; &nbsp;Mit Lust auf mehr. Mitglied werden Unser Verein \/ Unsere Organisation lebt von den Mitgliedern. Wir sind angewiesen auf aktive Mitglieder, die sich f\u00fcr unsere Ziele engagieren. Wenn Sie Ihre Erfahrung, gerne in unsere dynamische Gruppe einbringen m\u00f6chten, freuen wir uns \u00fcber Ihre Mitgliedschaft. Aktives Mitglied kann jede nat\u00fcrliche Person werden. Selbstverst\u00e4ndlich sind wir auch dankbar f\u00fcr finanzielle Unterst\u00fctzung. Wenn Sie uns auf diesem Weg helfen wollen, unsere Ziele zu erreichen, k\u00f6nnen Sie F\u00f6rdermitglied werden. &#8230; und das ist unser Maskottchen &#8211; Gestatten Shooter ! &nbsp;Das Pr\u00e4sidium Pr\u00e4sident:&nbsp;Willi D\u00f6hl, &nbsp; &nbsp;2. v.li. Stellvertreter: Wolfgang &nbsp;Schink: 1. v.li.;&nbsp;Carola Schink: 3. v. li;&nbsp;Birgit Strau\u00df:&nbsp;unten im Bild;&nbsp;Fabian Meyer: 1. v.re. Protokollf\u00fchrer:&nbsp;Sarah Mesenbrink 3. v.re. Schatzmeister:&nbsp;Nicole Puhlmann 2. v.re. Kassenpr\u00fcfer: &nbsp; Die B\u00f6llersch\u00fctzen-Norddeutschlands einzige Schaftb\u00f6llergruppe &nbsp; &nbsp;<\/p>\n","protected":false},"author":1,"featured_media":0,"parent":0,"menu_order":0,"comment_status":"closed","ping_status":"closed","template":"","meta":{"footnotes":""},"_links":{"self":[{"href":"https:\/\/hvsed.de\/index.php\/wp-json\/wp\/v2\/pages\/5"}],"collection":[{"href":"https:\/\/hvsed.de\/index.php\/wp-json\/wp\/v2\/pages"}],"about":[{"href":"https:\/\/hvsed.de\/index.php\/wp-json\/wp\/v2\/types\/page"}],"author":[{"embeddable":true,"href":"https:\/\/hvsed.de\/index.php\/wp-json\/wp\/v2\/users\/1"}],"replies":[{"embeddable":true,"href":"https:\/\/hvsed.de\/index.php\/wp-json\/wp\/v2\/comments?post=5"}],"version-history":[{"count":27,"href":"https:\/\/hvsed.de\/index.php\/wp-json\/wp\/v2\/pages\/5\/revisions"}],"predecessor-version":[{"id":750,"href":"https:\/\/hvsed.de\/index.php\/wp-json\/wp\/v2\/pages\/5\/revisions\/750"}],"wp:attachment":[{"href":"https:\/\/hvsed.de\/index.php\/wp-json\/wp\/v2\/media?parent=5"}],"curies":[{"name":"wp","href":"https:\/\/api.w.org\/{rel}","templated":true}]}}