{"id":376,"date":"2016-06-12T22:04:36","date_gmt":"2016-06-12T20:04:36","guid":{"rendered":"https:\/\/hvsed.de\/neu\/?page_id=376"},"modified":"2016-06-12T22:05:03","modified_gmt":"2016-06-12T20:05:03","slug":"unsere-heimat","status":"publish","type":"page","link":"https:\/\/hvsed.de\/index.php\/das-sind-wir\/unsere-heimat\/","title":{"rendered":"Unsere Heimat"},"content":{"rendered":"<p><b>Unsere Heimat<\/b><\/p>\n<p>Wir leben im Calenberger Land, etwa 25km s\u00fcdwestlich von Hannover. Die Stadt hat 34.000 Einwohner auf einer Fl\u00e4che von 18 Quadratkilometer.\u00a0Erfahrungsgem\u00e4\u00df definiert jeder von uns den Begriff Heimat anders.<\/p>\n<p>Heimat ist da wo wir uns wohlf\u00fchlen &#8211; hier &#8211; da\u00a0 &#8211; es kann \u00fcberall sein. Die\u00a0Umst\u00e4nde eines jeden pr\u00e4gen\u00a0den pers\u00f6nlichen\u00a0Begriff\u00a0der Heimat. F\u00fcr den Einen\u00a0ist es die Kindheit,\u00a0das Elternhaus und\u00a0seine Umgebung, f\u00fcr Andere der Ort seiner Geburt.<\/p>\n<p>Wir sagen,\u00a0Heimat ist um uns herum lasst sie uns begreifen und\u00a0sch\u00fctzen, denn sie ist uns\u00a0nur geliehen von Mutter\u00a0Erde und\u00a0unsere Nachkommen\u00a0haben auch ein Recht\u00a0darauf.<\/p>\n<p>Heimat ist aber auch\u00a0Brauchtum und Pflege,\u00a0Erhalt\u00a0und Auferstehung von\u00a0Kultur und Tradition.<\/p>\n<p>Heimat\u00a0ist Gemeinsamkeit\u00a0und nicht die\u00a0Einsamkeit, Freude und Spa\u00df am Leben.<\/p>\n<p>Heimat ist St\u00e4rke, Liebe, Mut, Kraft, Frische,\u00a0Jung und Alt, Herz, Echt, Verst\u00e4ndnis\u00a0und auch Ehrlichkeit<\/p>\n","protected":false},"excerpt":{"rendered":"<p>Unsere Heimat Wir leben im Calenberger Land, etwa 25km s\u00fcdwestlich von Hannover. Die Stadt hat 34.000 Einwohner auf einer Fl\u00e4che von 18 Quadratkilometer.\u00a0Erfahrungsgem\u00e4\u00df definiert jeder von uns den Begriff Heimat anders. Heimat ist da wo wir uns wohlf\u00fchlen &#8211; hier &#8211; da\u00a0 &#8211; es kann \u00fcberall sein. Die\u00a0Umst\u00e4nde eines jeden pr\u00e4gen\u00a0den pers\u00f6nlichen\u00a0Begriff\u00a0der Heimat. F\u00fcr den Einen\u00a0ist es die Kindheit,\u00a0das Elternhaus und\u00a0seine Umgebung, f\u00fcr Andere der Ort seiner Geburt. Wir sagen,\u00a0Heimat ist um uns herum lasst sie uns begreifen und\u00a0sch\u00fctzen, denn sie ist uns\u00a0nur geliehen von Mutter\u00a0Erde und\u00a0unsere Nachkommen\u00a0haben auch ein Recht\u00a0darauf. Heimat ist aber auch\u00a0Brauchtum und Pflege,\u00a0Erhalt\u00a0und Auferstehung von\u00a0Kultur und Tradition. Heimat\u00a0ist Gemeinsamkeit\u00a0und nicht die\u00a0Einsamkeit, Freude und Spa\u00df am Leben. Heimat ist St\u00e4rke, Liebe, Mut, Kraft, Frische,\u00a0Jung und Alt, Herz, Echt, Verst\u00e4ndnis\u00a0und auch Ehrlichkeit<\/p>\n","protected":false},"author":1,"featured_media":0,"parent":5,"menu_order":0,"comment_status":"closed","ping_status":"closed","template":"","meta":{"footnotes":""},"_links":{"self":[{"href":"https:\/\/hvsed.de\/index.php\/wp-json\/wp\/v2\/pages\/376"}],"collection":[{"href":"https:\/\/hvsed.de\/index.php\/wp-json\/wp\/v2\/pages"}],"about":[{"href":"https:\/\/hvsed.de\/index.php\/wp-json\/wp\/v2\/types\/page"}],"author":[{"embeddable":true,"href":"https:\/\/hvsed.de\/index.php\/wp-json\/wp\/v2\/users\/1"}],"replies":[{"embeddable":true,"href":"https:\/\/hvsed.de\/index.php\/wp-json\/wp\/v2\/comments?post=376"}],"version-history":[{"count":1,"href":"https:\/\/hvsed.de\/index.php\/wp-json\/wp\/v2\/pages\/376\/revisions"}],"predecessor-version":[{"id":378,"href":"https:\/\/hvsed.de\/index.php\/wp-json\/wp\/v2\/pages\/376\/revisions\/378"}],"up":[{"embeddable":true,"href":"https:\/\/hvsed.de\/index.php\/wp-json\/wp\/v2\/pages\/5"}],"wp:attachment":[{"href":"https:\/\/hvsed.de\/index.php\/wp-json\/wp\/v2\/media?parent=376"}],"curies":[{"name":"wp","href":"https:\/\/api.w.org\/{rel}","templated":true}]}}