{"id":23,"date":"2016-06-10T16:31:50","date_gmt":"2016-06-10T14:31:50","guid":{"rendered":"https:\/\/hvsed.de\/neu\/?page_id=23"},"modified":"2017-06-08T23:25:12","modified_gmt":"2017-06-08T21:25:12","slug":"impressum","status":"publish","type":"page","link":"https:\/\/hvsed.de\/index.php\/impressum\/","title":{"rendered":"Impressum"},"content":{"rendered":"<h1>Impressum<\/h1>\n<h2>Angaben gem\u00e4\u00df \u00a7 5 TMG:<\/h2>\n<p>Heimatverein Schl\u00e4gel und Eisen Deister e.V.<br \/>\nWinningh\u00e4user Weg 2<br \/>\n30890 Barsinghausen<\/p>\n<h2>Vertreten durch:<\/h2>\n<p>Willi D\u00f6hl<br \/>\nWolfgang Schink<br \/>\nCarola Schink<br \/>\nBirgit Strau\u00df<br \/>\nFabian Meyer<\/p>\n<h2>Kontakt:<\/h2>\n<p><a href=\"https:\/\/hvsed.de\/neu\/wp-content\/uploads\/2016\/06\/kontakt-impressum-1.png\"><img loading=\"lazy\" decoding=\"async\" class=\"alignleft wp-image-340 size-full\" src=\"https:\/\/hvsed.de\/neu\/wp-content\/uploads\/2016\/06\/kontakt-impressum-1.png\" alt=\"kontakt-impressum\" width=\"986\" height=\"133\" srcset=\"https:\/\/hvsed.de\/wp-content\/uploads\/2016\/06\/kontakt-impressum-1.png 986w, https:\/\/hvsed.de\/wp-content\/uploads\/2016\/06\/kontakt-impressum-1-300x40.png 300w, https:\/\/hvsed.de\/wp-content\/uploads\/2016\/06\/kontakt-impressum-1-768x104.png 768w, https:\/\/hvsed.de\/wp-content\/uploads\/2016\/06\/kontakt-impressum-1-624x84.png 624w\" sizes=\"(max-width: 986px) 100vw, 986px\" \/><\/a><\/p>\n<h2>Eintragung im Vereinsregister.\u00a0Registereintrag:<\/h2>\n<p>Registergericht: Landgericht Hannover<br \/>\nRegisternummer: VR 201881<\/p>\n<p>&nbsp;<\/p>\n<h1>Haftungsausschluss (Disclaimer)<\/h1>\n<p><strong>Haftung f\u00fcr Inhalte<\/strong><\/p>\n<p>Als<br \/>\nDiensteanbieter sind wir gem\u00e4\u00df \u00a7 7 Abs.1 TMG f\u00fcr eigene Inhalte auf diesen Seiten nach<br \/>\nden allgemeinen Gesetzen verantwortlich. Nach \u00a7\u00a7 8 bis 10 TMG sind wir als Diensteanbieter jedoch<br \/>\nnicht verpflichtet, \u00fcbermittelte oder gespeicherte fremde Informationen zu \u00fcberwachen oder nach<br \/>\nUmst\u00e4nden zu forschen, die auf eine rechtswidrige T\u00e4tigkeit hinweisen. Verpflichtungen zur<br \/>\nEntfernung oder Sperrung der Nutzung von Informationen nach den allgemeinen Gesetzen bleiben hiervon<br \/>\nunber\u00fchrt. Eine diesbez\u00fcgliche Haftung ist jedoch erst ab dem Zeitpunkt der Kenntnis einer<br \/>\nkonkreten Rechtsverletzung m\u00f6glich. Bei Bekanntwerden von entsprechenden Rechtsverletzungen werden<br \/>\nwir diese Inhalte umgehend entfernen.<\/p>\n<p><strong>Haftung f\u00fcr Links<\/strong><\/p>\n<p>Unser<br \/>\nAngebot enth\u00e4lt Links zu externen Webseiten Dritter, auf deren Inhalte wir keinen Einfluss haben. Deshalb<br \/>\nk\u00f6nnen wir f\u00fcr diese fremden Inhalte auch keine Gew\u00e4hr \u00fcbernehmen. F\u00fcr die<br \/>\nInhalte der verlinkten Seiten ist stets der jeweilige Anbieter oder Betreiber der Seiten verantwortlich. Die<br \/>\nverlinkten Seiten wurden zum Zeitpunkt der Verlinkung auf m\u00f6gliche Rechtsverst\u00f6\u00dfe<br \/>\n\u00fcberpr\u00fcft. Rechtswidrige Inhalte waren zum Zeitpunkt der Verlinkung nicht erkennbar. Eine<br \/>\npermanente inhaltliche Kontrolle der verlinkten Seiten ist jedoch ohne konkrete Anhaltspunkte einer<br \/>\nRechtsverletzung nicht zumutbar. Bei Bekanntwerden von Rechtsverletzungen werden wir derartige Links<br \/>\numgehend entfernen.<\/p>\n<p><strong>Urheberrecht<\/strong><\/p>\n<p>Die durch die Seitenbetreiber erstellten<br \/>\nInhalte und Werke auf diesen Seiten unterliegen dem deutschen Urheberrecht. Die Vervielf\u00e4ltigung,<br \/>\nBearbeitung, Verbreitung und jede Art der Verwertung au\u00dferhalb der Grenzen des Urheberrechtes<br \/>\nbed\u00fcrfen der schriftlichen Zustimmung des jeweiligen Autors bzw. Erstellers. Downloads und Kopien dieser<br \/>\nSeite sind nur f\u00fcr den privaten, nicht kommerziellen Gebrauch gestattet. Soweit die Inhalte auf dieser Seite<br \/>\nnicht vom Betreiber erstellt wurden, werden die Urheberrechte Dritter beachtet. Insbesondere werden Inhalte<br \/>\nDritter als solche gekennzeichnet. Sollten Sie trotzdem auf eine Urheberrechtsverletzung aufmerksam werden,<br \/>\nbitten wir um einen entsprechenden Hinweis. Bei Bekanntwerden von Rechtsverletzungen werden wir derartige<br \/>\nInhalte umgehend entfernen.<\/p>\n<p>&nbsp;<\/p>\n","protected":false},"excerpt":{"rendered":"<p>Impressum Angaben gem\u00e4\u00df \u00a7 5 TMG: Heimatverein Schl\u00e4gel und Eisen Deister e.V. Winningh\u00e4user Weg 2 30890 Barsinghausen Vertreten durch: Willi D\u00f6hl Wolfgang Schink Carola Schink Birgit Strau\u00df Fabian Meyer Kontakt: Eintragung im Vereinsregister.\u00a0Registereintrag: Registergericht: Landgericht Hannover Registernummer: VR 201881 &nbsp; Haftungsausschluss (Disclaimer) Haftung f\u00fcr Inhalte Als Diensteanbieter sind wir gem\u00e4\u00df \u00a7 7 Abs.1 TMG f\u00fcr eigene Inhalte auf diesen Seiten nach den allgemeinen Gesetzen verantwortlich. Nach \u00a7\u00a7 8 bis 10 TMG sind wir als Diensteanbieter jedoch nicht verpflichtet, \u00fcbermittelte oder gespeicherte fremde Informationen zu \u00fcberwachen oder nach Umst\u00e4nden zu forschen, die auf eine rechtswidrige T\u00e4tigkeit hinweisen. Verpflichtungen zur Entfernung oder Sperrung der Nutzung von Informationen nach den allgemeinen Gesetzen bleiben hiervon unber\u00fchrt. Eine diesbez\u00fcgliche Haftung ist jedoch erst ab dem Zeitpunkt der Kenntnis einer konkreten Rechtsverletzung m\u00f6glich. Bei Bekanntwerden von entsprechenden Rechtsverletzungen werden wir diese Inhalte umgehend entfernen. Haftung f\u00fcr Links Unser Angebot enth\u00e4lt Links zu externen Webseiten Dritter, auf deren Inhalte wir keinen Einfluss haben. Deshalb k\u00f6nnen wir f\u00fcr diese fremden Inhalte auch keine Gew\u00e4hr \u00fcbernehmen. F\u00fcr die Inhalte der verlinkten Seiten ist stets der jeweilige Anbieter oder Betreiber der Seiten verantwortlich. Die verlinkten Seiten wurden zum Zeitpunkt der Verlinkung auf m\u00f6gliche Rechtsverst\u00f6\u00dfe \u00fcberpr\u00fcft. Rechtswidrige Inhalte waren zum Zeitpunkt der Verlinkung nicht erkennbar. Eine permanente inhaltliche Kontrolle der verlinkten Seiten ist jedoch ohne konkrete Anhaltspunkte einer Rechtsverletzung nicht zumutbar. Bei Bekanntwerden von Rechtsverletzungen werden wir derartige Links umgehend entfernen. Urheberrecht Die durch die Seitenbetreiber erstellten Inhalte und Werke auf diesen Seiten unterliegen dem deutschen Urheberrecht. Die Vervielf\u00e4ltigung, Bearbeitung, Verbreitung und jede Art der Verwertung au\u00dferhalb der Grenzen des Urheberrechtes bed\u00fcrfen der schriftlichen Zustimmung des jeweiligen Autors bzw. Erstellers. Downloads und Kopien dieser Seite sind nur f\u00fcr den privaten, nicht kommerziellen Gebrauch gestattet. Soweit die Inhalte auf dieser Seite nicht vom Betreiber erstellt wurden, werden die Urheberrechte Dritter beachtet. Insbesondere werden Inhalte Dritter als solche gekennzeichnet. Sollten Sie trotzdem auf eine Urheberrechtsverletzung aufmerksam werden, bitten wir um einen entsprechenden Hinweis. Bei Bekanntwerden von Rechtsverletzungen werden wir derartige Inhalte umgehend entfernen. &nbsp;<\/p>\n","protected":false},"author":1,"featured_media":0,"parent":0,"menu_order":0,"comment_status":"closed","ping_status":"closed","template":"","meta":{"footnotes":""},"_links":{"self":[{"href":"https:\/\/hvsed.de\/index.php\/wp-json\/wp\/v2\/pages\/23"}],"collection":[{"href":"https:\/\/hvsed.de\/index.php\/wp-json\/wp\/v2\/pages"}],"about":[{"href":"https:\/\/hvsed.de\/index.php\/wp-json\/wp\/v2\/types\/page"}],"author":[{"embeddable":true,"href":"https:\/\/hvsed.de\/index.php\/wp-json\/wp\/v2\/users\/1"}],"replies":[{"embeddable":true,"href":"https:\/\/hvsed.de\/index.php\/wp-json\/wp\/v2\/comments?post=23"}],"version-history":[{"count":15,"href":"https:\/\/hvsed.de\/index.php\/wp-json\/wp\/v2\/pages\/23\/revisions"}],"predecessor-version":[{"id":698,"href":"https:\/\/hvsed.de\/index.php\/wp-json\/wp\/v2\/pages\/23\/revisions\/698"}],"wp:attachment":[{"href":"https:\/\/hvsed.de\/index.php\/wp-json\/wp\/v2\/media?parent=23"}],"curies":[{"name":"wp","href":"https:\/\/api.w.org\/{rel}","templated":true}]}}